{"id":6,"date":"2016-10-13T19:33:18","date_gmt":"2016-10-13T19:33:18","guid":{"rendered":"http:\/\/magofernando1.wordpress.com\/?page_id=1"},"modified":"2019-07-26T06:36:12","modified_gmt":"2019-07-26T06:36:12","slug":"acerca-de","status":"publish","type":"page","link":"http:\/\/magofernando.es\/wordpress\/acerca-de\/","title":{"rendered":"Sobre m\u00ed"},"content":{"rendered":"<p style=\"text-align:justify;\"><img loading=\"lazy\" decoding=\"async\" class=\"alignnone size-full wp-image-2\" src=\"http:\/\/magofernando.es\/wordpress\/wp-content\/uploads\/2016\/10\/img_9574.jpg\" alt=\"img_9574\" width=\"1600\" height=\"1200\">El mago Fernando es el mago preferido de los ni\u00f1os, el mago ideal para fiestas infantiles, cumplea\u00f1os, comuniones, bodas, fiestas privadas.<\/p>\n<p style=\"text-align:justify;\">Con un espect\u00e1culo adaptado a todas las edades desde magia infantil, magia familiar y magia para adultos, el &nbsp;show involucrar\u00e1 desde los m\u00e1s peque\u00f1os a los m\u00e1s adultos.<\/p>\n<p style=\"text-align:justify;\">Un show que har\u00e1 part\u00edcipe&nbsp;al protagonista de la fiesta convirti\u00e9ndolo en el m\u00e1ximo protagonista&nbsp;del show,disfrutando de la magia y el humor del Mago Fernando<\/p>\n<p style=\"text-align:justify;\">El Mago Fernando es el &nbsp;mago m\u00e1s solicitado, siendo su \u00e1mbito de actuacion principalmente Sevilla, C\u00e1diz, Huelva,C\u00f3rdoba, M\u00e1laga y Granada.<\/p>\n<p style=\"text-align:justify;\">No dude en pedir presuesto, le aseguro que no quedar\u00e1 defraudado con m\u00e1s de 15 a\u00f1os de experiencia en teatros por todo el \u00e1mbito de Andaluc\u00eda, colegios, Fiestas populares, etc.<\/p>\n<p style=\"text-align:justify;\">Con el Mago Fernando podr\u00e1 comprobar que es el mago con la mejor relaci\u00f3n calidad\/precio, los a\u00f1os de experiencia me avalan, para dar la garant\u00eda de que <em>si no queda satisfecho, no me pague.<\/em><\/p>\n<p style=\"text-align:justify;\">No dude en contactar y reservar su &nbsp;fecha lo antes posible, sobre todo compruebe la disponibilidad para actuaciones en las provincias de Sevilla y C\u00e1diz.<\/p>\n<p style=\"text-align:justify;\">El Mago Fernando har\u00e1 pasar un d\u00eda inolvidable a ni\u00f1os y adultos.<\/p>\n<p>El Mago Fernando<\/p>\n<p>\u00abEl mago de los ni\u00f1os.\u00bb<\/p>\n<p>&nbsp;<\/p>\n<p>&nbsp;<\/p>\n<p>&nbsp;<\/p>\n","protected":false},"excerpt":{"rendered":"<p>El mago Fernando es el mago preferido de los ni\u00f1os, el mago ideal para fiestas infantiles, cumplea\u00f1os, comuniones, bodas, fiestas privadas. Con un espect\u00e1culo adaptado a todas las edades desde magia infantil, magia familiar y magia para adultos, el &nbsp;show involucrar\u00e1 desde los m\u00e1s peque\u00f1os a los m\u00e1s adultos. Un show que har\u00e1 part\u00edcipe&nbsp;al protagonista &hellip; <a href=\"http:\/\/magofernando.es\/wordpress\/acerca-de\/\" class=\"more-link\">Seguir leyendo <span class=\"screen-reader-text\">Sobre m\u00ed<\/span><\/a><\/p>\n","protected":false},"author":1,"featured_media":0,"parent":0,"menu_order":0,"comment_status":"closed","ping_status":"closed","template":"","meta":{"jetpack_post_was_ever_published":false,"footnotes":""},"class_list":["post-6","page","type-page","status-publish","hentry","without-featured-image"],"jetpack_sharing_enabled":true,"jetpack_shortlink":"https:\/\/wp.me\/P80Nn9-6","jetpack-related-posts":[],"_links":{"self":[{"href":"http:\/\/magofernando.es\/wordpress\/wp-json\/wp\/v2\/pages\/6","targetHints":{"allow":["GET"]}}],"collection":[{"href":"http:\/\/magofernando.es\/wordpress\/wp-json\/wp\/v2\/pages"}],"about":[{"href":"http:\/\/magofernando.es\/wordpress\/wp-json\/wp\/v2\/types\/page"}],"author":[{"embeddable":true,"href":"http:\/\/magofernando.es\/wordpress\/wp-json\/wp\/v2\/users\/1"}],"replies":[{"embeddable":true,"href":"http:\/\/magofernando.es\/wordpress\/wp-json\/wp\/v2\/comments?post=6"}],"version-history":[{"count":3,"href":"http:\/\/magofernando.es\/wordpress\/wp-json\/wp\/v2\/pages\/6\/revisions"}],"predecessor-version":[{"id":1936,"href":"http:\/\/magofernando.es\/wordpress\/wp-json\/wp\/v2\/pages\/6\/revisions\/1936"}],"wp:attachment":[{"href":"http:\/\/magofernando.es\/wordpress\/wp-json\/wp\/v2\/media?parent=6"}],"curies":[{"name":"wp","href":"https:\/\/api.w.org\/{rel}","templated":true}]}}